{"id":798,"date":"2025-10-01T15:57:56","date_gmt":"2025-10-01T15:57:56","guid":{"rendered":"https:\/\/xo2.tech\/?page_id=798"},"modified":"2026-02-11T05:20:41","modified_gmt":"2026-02-11T05:20:41","slug":"blog","status":"publish","type":"page","link":"https:\/\/xo2.tech\/en\/blog\/","title":{"rendered":"Blog"},"content":{"rendered":"<div data-elementor-type=\"wp-page\" data-elementor-id=\"798\" class=\"elementor elementor-798\" data-elementor-post-type=\"page\">\n\t\t\t\t\t\t<section class=\"elementor-section elementor-top-section elementor-element elementor-element-6677ca23 elementor-section-boxed elementor-section-height-default elementor-section-height-default\" data-id=\"6677ca23\" data-element_type=\"section\" data-e-type=\"section\" data-settings=\"{&quot;background_background&quot;:&quot;classic&quot;}\">\n\t\t\t\t\t\t\t<div class=\"elementor-background-overlay\"><\/div>\n\t\t\t\t\t\t\t<div class=\"elementor-container elementor-column-gap-no\">\n\t\t\t\t\t<div class=\"elementor-column elementor-col-100 elementor-top-column elementor-element elementor-element-15033c0f\" data-id=\"15033c0f\" data-element_type=\"column\" data-e-type=\"column\">\n\t\t\t<div class=\"elementor-widget-wrap elementor-element-populated\">\n\t\t\t\t\t\t<div class=\"elementor-element elementor-element-583bd5d5 elementor-invisible elementor-widget elementor-widget-heading\" data-id=\"583bd5d5\" data-element_type=\"widget\" data-e-type=\"widget\" data-settings=\"{&quot;_animation&quot;:&quot;fadeInDown&quot;}\" data-widget_type=\"heading.default\">\n\t\t\t\t<div class=\"elementor-widget-container\">\n\t\t\t\t\t<h2 class=\"elementor-heading-title elementor-size-default\">Blog<\/h2>\t\t\t\t<\/div>\n\t\t\t\t<\/div>\n\t\t\t\t\t<\/div>\n\t\t<\/div>\n\t\t\t\t\t<\/div>\n\t\t<\/section>\n\t\t<div class=\"elementor-element elementor-element-d547272 e-flex e-con-boxed e-con e-parent\" data-id=\"d547272\" data-element_type=\"container\" data-e-type=\"container\">\n\t\t\t\t\t<div class=\"e-con-inner\">\n\t\t\t\t<div class=\"elementor-element elementor-element-4b53803 elementor-widget elementor-widget-heading\" data-id=\"4b53803\" data-element_type=\"widget\" data-e-type=\"widget\" data-widget_type=\"heading.default\">\n\t\t\t\t<div class=\"elementor-widget-container\">\n\t\t\t\t\t<h2 class=\"elementor-heading-title elementor-size-default\">News &amp; Articles<\/h2>\t\t\t\t<\/div>\n\t\t\t\t<\/div>\n\t\t\t\t<div class=\"elementor-element elementor-element-54d6dc0 elementor-widget elementor-widget-elementskit-blog-posts\" data-id=\"54d6dc0\" data-element_type=\"widget\" data-e-type=\"widget\" data-widget_type=\"elementskit-blog-posts.default\">\n\t\t\t\t<div class=\"elementor-widget-container\">\n\t\t\t\t\t<div class=\"ekit-wid-con\" >        <div id=\"post-items--54d6dc0\" class=\"row post-items\">\n                    <div class=\"col-md-12\">\n\n                                    <div class=\"elementskit-blog-block-post\">\n                        <div class=\"row no-gutters\">\n                                                            <div class=\"col-md-6 order-1\">\n                                    <a href=\"https:\/\/xo2.tech\/en\/xo2-del-carbono-al-territorio-construyendo-la-cadena-de-valor-del-bambu\/\" class=\"elementskit-entry-thumb\">\n                                        <img decoding=\"async\" src=\"https:\/\/xo2.tech\/wp-content\/uploads\/2026\/04\/Proyecto-taiwan-1024x576.png\" alt=\"XO2: del carbono al territorio, construyendo la cadena de valor del bamb\u00fa\">\n                                    <\/a><!-- .elementskit-entry-thumb END -->\n                                <\/div>\n                            \n                            <div class=\"col-md-6 order-2\">\n                                <div class=\"elementskit-post-body\">\n                                    <div class=\"elementskit-entry-header\">\n                                        \n                                                                                            \t\t\t\t\t                                            \n                                            \n                                                                                            \t\t\t\t<h2 class=\"entry-title\">\n\t\t\t\t\t<a href=\"https:\/\/xo2.tech\/en\/xo2-del-carbono-al-territorio-construyendo-la-cadena-de-valor-del-bambu\/\">\n\t\t\t\t\t\tXO2: del carbono al territorio, construyendo la cadena de valor del bamb\u00fa\t\t\t\t\t<\/a>\n\t\t\t\t<\/h2>\n\t\t\t                                                                                <\/div><!-- .elementskit-entry-header END -->\n\n                                                                            <div class=\"elementskit-post-footer\">\n                                                                                            <p>La iniciativa Guatemala\u2013Taiw\u00e1n confirma el potencial del bamb\u00fa como activo clim\u00e1tico. XO2 propone ir m\u00e1s all\u00e1: construir una cadena de valor completa donde carbono, regeneraci\u00f3n territorial e industria se articulan en una nueva bioeconom\u00eda.<\/p>\n                                                                                                                                <\/div><!-- .elementskit-post-footer END -->\n                                                                    <\/div><!-- .elementskit-post-body END -->\n                            <\/div>\n                        <\/div>\n                    <\/div><!-- .elementskit-blog-block-post .radius .gradient-bg END -->\n                \n            <\/div>\n                    <div class=\"col-md-12\">\n\n                                    <div class=\"elementskit-blog-block-post\">\n                        <div class=\"row no-gutters\">\n                                                            <div class=\"col-md-6 order-1\">\n                                    <a href=\"https:\/\/xo2.tech\/en\/colapso-o-maduracion-el-futuro-del-carbono-visto-desde-xo2\/\" class=\"elementskit-entry-thumb\">\n                                        <img decoding=\"async\" src=\"https:\/\/xo2.tech\/wp-content\/uploads\/2026\/02\/mercado-carbono-xo2-bambu-1024x683.png\" alt=\"\u00bfColapso o maduraci\u00f3n? El futuro del carbono visto desde XO2\">\n                                    <\/a><!-- .elementskit-entry-thumb END -->\n                                <\/div>\n                            \n                            <div class=\"col-md-6 order-2\">\n                                <div class=\"elementskit-post-body\">\n                                    <div class=\"elementskit-entry-header\">\n                                        \n                                                                                            \t\t\t\t\t                                            \n                                            \n                                                                                            \t\t\t\t<h2 class=\"entry-title\">\n\t\t\t\t\t<a href=\"https:\/\/xo2.tech\/en\/colapso-o-maduracion-el-futuro-del-carbono-visto-desde-xo2\/\">\n\t\t\t\t\t\t\u00bfColapso o maduraci\u00f3n? El futuro del carbono visto desde XO2\t\t\t\t\t<\/a>\n\t\t\t\t<\/h2>\n\t\t\t                                                                                <\/div><!-- .elementskit-entry-header END -->\n\n                                                                            <div class=\"elementskit-post-footer\">\n                                                                                            <p>El mercado de carbono no ha colapsado: est\u00e1 madurando. Entre la crisis del mercado voluntario y el fortalecimiento de los sistemas regulados, emergen proyectos basados en remociones reales, trazabilidad y regeneraci\u00f3n territorial. XO2 propone una v\u00eda distinta desde el bamb\u00fa y la bioeconom\u00eda.<\/p>\n                                                                                                                                <\/div><!-- .elementskit-post-footer END -->\n                                                                    <\/div><!-- .elementskit-post-body END -->\n                            <\/div>\n                        <\/div>\n                    <\/div><!-- .elementskit-blog-block-post .radius .gradient-bg END -->\n                \n            <\/div>\n                    <div class=\"col-md-12\">\n\n                                    <div class=\"elementskit-blog-block-post\">\n                        <div class=\"row no-gutters\">\n                                                            <div class=\"col-md-6 order-1\">\n                                    <a href=\"https:\/\/xo2.tech\/en\/xo2-bambu-regenera-suelos\/\" class=\"elementskit-entry-thumb\">\n                                        <img decoding=\"async\" src=\"https:\/\/xo2.tech\/wp-content\/uploads\/2025\/11\/Cerritos-576x1024.jpg\" alt=\"Carbono con ra\u00edces familiares: c\u00f3mo el bamb\u00fa devuelve vida a la tierra\">\n                                    <\/a><!-- .elementskit-entry-thumb END -->\n                                <\/div>\n                            \n                            <div class=\"col-md-6 order-2\">\n                                <div class=\"elementskit-post-body\">\n                                    <div class=\"elementskit-entry-header\">\n                                        \n                                                                                            \t\t\t\t\t                                            \n                                            \n                                                                                            \t\t\t\t<h2 class=\"entry-title\">\n\t\t\t\t\t<a href=\"https:\/\/xo2.tech\/en\/xo2-bambu-regenera-suelos\/\">\n\t\t\t\t\t\tCarbono con ra\u00edces familiares: c\u00f3mo el bamb\u00fa devuelve vida a la tierra\t\t\t\t\t<\/a>\n\t\t\t\t<\/h2>\n\t\t\t                                                                                <\/div><!-- .elementskit-entry-header END -->\n\n                                                                            <div class=\"elementskit-post-footer\">\n                                                                                            <p>Finca Las Chat\u00edas es la primera plantaci\u00f3n certificada por XO2. Su historia muestra c\u00f3mo el bamb\u00fa puede regenerar suelos agotados, fortalecer a una familia rural y abrir un nuevo camino hacia la sostenibilidad en el corredor del Pac\u00edfico de Guatemala.<\/p>\n                                                                                                                                <\/div><!-- .elementskit-post-footer END -->\n                                                                    <\/div><!-- .elementskit-post-body END -->\n                            <\/div>\n                        <\/div>\n                    <\/div><!-- .elementskit-blog-block-post .radius .gradient-bg END -->\n                \n            <\/div>\n                <\/div>\n       <\/div>\t\t\t\t<\/div>\n\t\t\t\t<\/div>\n\t\t\t\t\t<\/div>\n\t\t\t\t<\/div>\n\t\t\t\t<\/div>","protected":false},"excerpt":{"rendered":"<p>Blog News &amp; Articles \u00bfColapso o maduraci\u00f3n? El futuro del carbono visto desde XO2 El mercado de carbono no ha [&hellip;]<\/p>\n","protected":false},"author":2,"featured_media":0,"parent":0,"menu_order":0,"comment_status":"closed","ping_status":"closed","template":"","meta":{"site-sidebar-layout":"no-sidebar","site-content-layout":"","ast-site-content-layout":"full-width-container","site-content-style":"default","site-sidebar-style":"default","ast-global-header-display":"","ast-banner-title-visibility":"","ast-main-header-display":"","ast-hfb-above-header-display":"","ast-hfb-below-header-display":"","ast-hfb-mobile-header-display":"","site-post-title":"disabled","ast-breadcrumbs-content":"","ast-featured-img":"disabled","footer-sml-layout":"","ast-disable-related-posts":"","theme-transparent-header-meta":"","adv-header-id-meta":"","stick-header-meta":"","header-above-stick-meta":"","header-main-stick-meta":"","header-below-stick-meta":"","astra-migrate-meta-layouts":"default","ast-page-background-enabled":"default","ast-page-background-meta":{"desktop":{"background-color":"var(--ast-global-color-4)","background-image":"","background-repeat":"repeat","background-position":"center center","background-size":"auto","background-attachment":"scroll","background-type":"","background-media":"","overlay-type":"","overlay-color":"","overlay-opacity":"","overlay-gradient":""},"tablet":{"background-color":"","background-image":"","background-repeat":"repeat","background-position":"center center","background-size":"auto","background-attachment":"scroll","background-type":"","background-media":"","overlay-type":"","overlay-color":"","overlay-opacity":"","overlay-gradient":""},"mobile":{"background-color":"","background-image":"","background-repeat":"repeat","background-position":"center center","background-size":"auto","background-attachment":"scroll","background-type":"","background-media":"","overlay-type":"","overlay-color":"","overlay-opacity":"","overlay-gradient":""}},"ast-content-background-meta":{"desktop":{"background-color":"var(--ast-global-color-5)","background-image":"","background-repeat":"repeat","background-position":"center center","background-size":"auto","background-attachment":"scroll","background-type":"","background-media":"","overlay-type":"","overlay-color":"","overlay-opacity":"","overlay-gradient":""},"tablet":{"background-color":"var(--ast-global-color-5)","background-image":"","background-repeat":"repeat","background-position":"center center","background-size":"auto","background-attachment":"scroll","background-type":"","background-media":"","overlay-type":"","overlay-color":"","overlay-opacity":"","overlay-gradient":""},"mobile":{"background-color":"var(--ast-global-color-5)","background-image":"","background-repeat":"repeat","background-position":"center center","background-size":"auto","background-attachment":"scroll","background-type":"","background-media":"","overlay-type":"","overlay-color":"","overlay-opacity":"","overlay-gradient":""}},"footnotes":""},"class_list":["post-798","page","type-page","status-publish","hentry"],"yoast_head":"<!-- This site is optimized with the Yoast SEO plugin v27.5 - https:\/\/yoast.com\/product\/yoast-seo-wordpress\/ -->\n<title>Blog - XO2<\/title>\n<meta name=\"robots\" content=\"index, follow, max-snippet:-1, max-image-preview:large, max-video-preview:-1\" \/>\n<link rel=\"canonical\" href=\"https:\/\/xo2.tech\/en\/blog\/\" \/>\n<meta property=\"og:locale\" content=\"en_US\" \/>\n<meta property=\"og:type\" content=\"article\" \/>\n<meta property=\"og:title\" content=\"Blog - XO2\" \/>\n<meta property=\"og:description\" content=\"Blog News &amp; Articles \u00bfColapso o maduraci\u00f3n? El futuro del carbono visto desde XO2 El mercado de carbono no ha [&hellip;]\" \/>\n<meta property=\"og:url\" content=\"https:\/\/xo2.tech\/en\/blog\/\" \/>\n<meta property=\"og:site_name\" content=\"XO2\" \/>\n<meta property=\"article:modified_time\" content=\"2026-02-11T05:20:41+00:00\" \/>\n<meta property=\"og:image\" content=\"https:\/\/xo2.tech\/wp-content\/uploads\/2026\/02\/mercado-carbono-xo2-bambu-1024x683.png\" \/>\n<meta name=\"twitter:card\" content=\"summary_large_image\" \/>\n<meta name=\"twitter:label1\" content=\"Est. reading time\" \/>\n\t<meta name=\"twitter:data1\" content=\"2 minutes\" \/>\n<script type=\"application\/ld+json\" class=\"yoast-schema-graph\">{\"@context\":\"https:\\\/\\\/schema.org\",\"@graph\":[{\"@type\":\"WebPage\",\"@id\":\"https:\\\/\\\/xo2.tech\\\/blog\\\/\",\"url\":\"https:\\\/\\\/xo2.tech\\\/blog\\\/\",\"name\":\"Blog - XO2\",\"isPartOf\":{\"@id\":\"https:\\\/\\\/xo2.tech\\\/#website\"},\"primaryImageOfPage\":{\"@id\":\"https:\\\/\\\/xo2.tech\\\/blog\\\/#primaryimage\"},\"image\":{\"@id\":\"https:\\\/\\\/xo2.tech\\\/blog\\\/#primaryimage\"},\"thumbnailUrl\":\"https:\\\/\\\/xo2.tech\\\/wp-content\\\/uploads\\\/2026\\\/02\\\/mercado-carbono-xo2-bambu-1024x683.png\",\"datePublished\":\"2025-10-01T15:57:56+00:00\",\"dateModified\":\"2026-02-11T05:20:41+00:00\",\"breadcrumb\":{\"@id\":\"https:\\\/\\\/xo2.tech\\\/blog\\\/#breadcrumb\"},\"inLanguage\":\"en-US\",\"potentialAction\":[{\"@type\":\"ReadAction\",\"target\":[\"https:\\\/\\\/xo2.tech\\\/blog\\\/\"]}]},{\"@type\":\"ImageObject\",\"inLanguage\":\"en-US\",\"@id\":\"https:\\\/\\\/xo2.tech\\\/blog\\\/#primaryimage\",\"url\":\"https:\\\/\\\/xo2.tech\\\/wp-content\\\/uploads\\\/2026\\\/02\\\/mercado-carbono-xo2-bambu-1024x683.png\",\"contentUrl\":\"https:\\\/\\\/xo2.tech\\\/wp-content\\\/uploads\\\/2026\\\/02\\\/mercado-carbono-xo2-bambu-1024x683.png\"},{\"@type\":\"BreadcrumbList\",\"@id\":\"https:\\\/\\\/xo2.tech\\\/blog\\\/#breadcrumb\",\"itemListElement\":[{\"@type\":\"ListItem\",\"position\":1,\"name\":\"Portada\",\"item\":\"https:\\\/\\\/xo2.tech\\\/\"},{\"@type\":\"ListItem\",\"position\":2,\"name\":\"Blog\"}]},{\"@type\":\"WebSite\",\"@id\":\"https:\\\/\\\/xo2.tech\\\/#website\",\"url\":\"https:\\\/\\\/xo2.tech\\\/\",\"name\":\"XO2\",\"description\":\"\",\"potentialAction\":[{\"@type\":\"SearchAction\",\"target\":{\"@type\":\"EntryPoint\",\"urlTemplate\":\"https:\\\/\\\/xo2.tech\\\/?s={search_term_string}\"},\"query-input\":{\"@type\":\"PropertyValueSpecification\",\"valueRequired\":true,\"valueName\":\"search_term_string\"}}],\"inLanguage\":\"en-US\"}]}<\/script>\n<!-- \/ Yoast SEO plugin. -->","yoast_head_json":{"title":"Blog - XO2","robots":{"index":"index","follow":"follow","max-snippet":"max-snippet:-1","max-image-preview":"max-image-preview:large","max-video-preview":"max-video-preview:-1"},"canonical":"https:\/\/xo2.tech\/en\/blog\/","og_locale":"en_US","og_type":"article","og_title":"Blog - XO2","og_description":"Blog News &amp; Articles \u00bfColapso o maduraci\u00f3n? El futuro del carbono visto desde XO2 El mercado de carbono no ha [&hellip;]","og_url":"https:\/\/xo2.tech\/en\/blog\/","og_site_name":"XO2","article_modified_time":"2026-02-11T05:20:41+00:00","og_image":[{"url":"https:\/\/xo2.tech\/wp-content\/uploads\/2026\/02\/mercado-carbono-xo2-bambu-1024x683.png","type":"","width":"","height":""}],"twitter_card":"summary_large_image","twitter_misc":{"Est. reading time":"2 minutes"},"schema":{"@context":"https:\/\/schema.org","@graph":[{"@type":"WebPage","@id":"https:\/\/xo2.tech\/blog\/","url":"https:\/\/xo2.tech\/blog\/","name":"Blog - XO2","isPartOf":{"@id":"https:\/\/xo2.tech\/#website"},"primaryImageOfPage":{"@id":"https:\/\/xo2.tech\/blog\/#primaryimage"},"image":{"@id":"https:\/\/xo2.tech\/blog\/#primaryimage"},"thumbnailUrl":"https:\/\/xo2.tech\/wp-content\/uploads\/2026\/02\/mercado-carbono-xo2-bambu-1024x683.png","datePublished":"2025-10-01T15:57:56+00:00","dateModified":"2026-02-11T05:20:41+00:00","breadcrumb":{"@id":"https:\/\/xo2.tech\/blog\/#breadcrumb"},"inLanguage":"en-US","potentialAction":[{"@type":"ReadAction","target":["https:\/\/xo2.tech\/blog\/"]}]},{"@type":"ImageObject","inLanguage":"en-US","@id":"https:\/\/xo2.tech\/blog\/#primaryimage","url":"https:\/\/xo2.tech\/wp-content\/uploads\/2026\/02\/mercado-carbono-xo2-bambu-1024x683.png","contentUrl":"https:\/\/xo2.tech\/wp-content\/uploads\/2026\/02\/mercado-carbono-xo2-bambu-1024x683.png"},{"@type":"BreadcrumbList","@id":"https:\/\/xo2.tech\/blog\/#breadcrumb","itemListElement":[{"@type":"ListItem","position":1,"name":"Portada","item":"https:\/\/xo2.tech\/"},{"@type":"ListItem","position":2,"name":"Blog"}]},{"@type":"WebSite","@id":"https:\/\/xo2.tech\/#website","url":"https:\/\/xo2.tech\/","name":"XO2","description":"","potentialAction":[{"@type":"SearchAction","target":{"@type":"EntryPoint","urlTemplate":"https:\/\/xo2.tech\/?s={search_term_string}"},"query-input":{"@type":"PropertyValueSpecification","valueRequired":true,"valueName":"search_term_string"}}],"inLanguage":"en-US"}]}},"_links":{"self":[{"href":"https:\/\/xo2.tech\/en\/wp-json\/wp\/v2\/pages\/798","targetHints":{"allow":["GET"]}}],"collection":[{"href":"https:\/\/xo2.tech\/en\/wp-json\/wp\/v2\/pages"}],"about":[{"href":"https:\/\/xo2.tech\/en\/wp-json\/wp\/v2\/types\/page"}],"author":[{"embeddable":true,"href":"https:\/\/xo2.tech\/en\/wp-json\/wp\/v2\/users\/2"}],"replies":[{"embeddable":true,"href":"https:\/\/xo2.tech\/en\/wp-json\/wp\/v2\/comments?post=798"}],"version-history":[{"count":25,"href":"https:\/\/xo2.tech\/en\/wp-json\/wp\/v2\/pages\/798\/revisions"}],"predecessor-version":[{"id":932,"href":"https:\/\/xo2.tech\/en\/wp-json\/wp\/v2\/pages\/798\/revisions\/932"}],"wp:attachment":[{"href":"https:\/\/xo2.tech\/en\/wp-json\/wp\/v2\/media?parent=798"}],"curies":[{"name":"wp","href":"https:\/\/api.w.org\/{rel}","templated":true}]}}